{"id":7,"date":"2024-02-19T19:26:13","date_gmt":"2024-02-19T19:26:13","guid":{"rendered":"http:\/\/www.sklep.mlynbocianek.pl\/index.php\/koszyk\/"},"modified":"2025-02-18T15:52:39","modified_gmt":"2025-02-18T15:52:39","slug":"koszyk","status":"publish","type":"page","link":"https:\/\/www.sklep.mlynbocianek.pl\/index.php\/koszyk\/","title":{"rendered":"Koszyk"},"content":{"rendered":"\n<div data-block-name=\"woocommerce\/cart\" class=\"wp-block-woocommerce-cart alignwide is-loading\">\n<div data-block-name=\"woocommerce\/filled-cart-block\" class=\"wp-block-woocommerce-filled-cart-block\">\n<div data-block-name=\"woocommerce\/cart-items-block\" class=\"wp-block-woocommerce-cart-items-block\">\n<div data-block-name=\"woocommerce\/cart-line-items-block\" class=\"wp-block-woocommerce-cart-line-items-block\"><\/div>\n\n\n\n<div data-block-name=\"woocommerce\/cart-cross-sells-block\" class=\"wp-block-woocommerce-cart-cross-sells-block\">\n<h2 class=\"wp-block-heading has-large-font-size\">Zobacz inne r\u00f3wnie interesuj\u0105ce\u2026<\/h2>\n\n\n\n<div data-block-name=\"woocommerce\/cart-cross-sells-products-block\" class=\"wp-block-woocommerce-cart-cross-sells-products-block\"><\/div>\n<\/div>\n<\/div>\n\n\n\n<div data-block-name=\"woocommerce\/cart-totals-block\" class=\"wp-block-woocommerce-cart-totals-block\">\n<div data-block-name=\"woocommerce\/cart-order-summary-block\" class=\"wp-block-woocommerce-cart-order-summary-block\">\n<div data-block-name=\"woocommerce\/cart-order-summary-heading-block\" class=\"wp-block-woocommerce-cart-order-summary-heading-block\"><\/div><div data-block-name=\"woocommerce\/cart-order-summary-coupon-form-block\" class=\"wp-block-woocommerce-cart-order-summary-coupon-form-block\"><\/div><div data-block-name=\"woocommerce\/cart-order-summary-totals-block\" class=\"wp-block-woocommerce-cart-order-summary-totals-block\">\n<div data-block-name=\"woocommerce\/cart-order-summary-subtotal-block\" class=\"wp-block-woocommerce-cart-order-summary-subtotal-block\"><\/div>\n<div data-block-name=\"woocommerce\/cart-order-summary-discount-block\" class=\"wp-block-woocommerce-cart-order-summary-discount-block\"><\/div>\n<div data-block-name=\"woocommerce\/cart-order-summary-fee-block\" class=\"wp-block-woocommerce-cart-order-summary-fee-block\"><\/div>\n<div data-block-name=\"woocommerce\/cart-order-summary-shipping-block\" class=\"wp-block-woocommerce-cart-order-summary-shipping-block\"><\/div>\n<div data-block-name=\"woocommerce\/cart-order-summary-taxes-block\" class=\"wp-block-woocommerce-cart-order-summary-taxes-block\"><\/div><\/div>\n<\/div>\n\n\n\n<div data-block-name=\"woocommerce\/cart-express-payment-block\" class=\"wp-block-woocommerce-cart-express-payment-block\"><\/div>\n\n\n\n<div data-block-name=\"woocommerce\/proceed-to-checkout-block\" class=\"wp-block-woocommerce-proceed-to-checkout-block\"><\/div>\n\n\n\n<div data-block-name=\"woocommerce\/cart-accepted-payment-methods-block\" class=\"wp-block-woocommerce-cart-accepted-payment-methods-block\"><\/div>\n\n\n\n<p class=\"has-luminous-vivid-orange-color has-text-color has-link-color has-medium-font-size wp-elements-7441b766f8fb3c25a450f84f9db85326\"><strong>Maksymalna waga paczki to 20kg<\/strong><\/p>\n\n\n\n<p class=\"has-luminous-vivid-orange-color has-text-color has-link-color has-medium-font-size wp-elements-14d03b77c274e3c8d15ec9a384441ad7\"><strong>W przypadku zam\u00f3wienia powy\u017cej 20kg przesy\u0142ka b\u0119dzie dzielone na kilka np. przy zam\u00f3wieniu \u0142\u0105czna waga b\u0119dzie wynosi\u0107 40kg zostan\u0105 nadane dwie paczki<\/strong><\/p>\n<\/div>\n<\/div>\n\n\n\n<div data-block-name=\"woocommerce\/empty-cart-block\" class=\"wp-block-woocommerce-empty-cart-block\">\n<h2 class=\"wp-block-heading has-text-align-center with-empty-cart-icon wc-block-cart__empty-cart__title\">Tw\u00f3j koszyk jest obecnie pusty!<\/h2>\n\n\n\n<hr class=\"wp-block-separator has-alpha-channel-opacity is-style-dots\"\/>\n\n\n\n<h2 class=\"wp-block-heading has-text-align-center\">Nowe w sklepie<\/h2>\n\n\n<div data-block-name=\"woocommerce\/product-new\" data-columns=\"4\" data-rows=\"1\" class=\"wc-block-grid wp-block-product-new wp-block-woocommerce-product-new wc-block-product-new has-4-columns\"><ul class=\"wc-block-grid__products\"><li class=\"wc-block-grid__product\">\n\t\t\t\t<a href=\"https:\/\/www.sklep.mlynbocianek.pl\/index.php\/produkt\/maka-zytnia-2000-4kg\/\" class=\"wc-block-grid__product-link\">\n\t\t\t\t\t\n\t\t\t\t\t<div class=\"wc-block-grid__product-image\"><img fetchpriority=\"high\" decoding=\"async\" width=\"300\" height=\"300\" src=\"https:\/\/www.sklep.mlynbocianek.pl\/wp-content\/uploads\/2024\/06\/zytnia2000v2-300x300.png\" class=\"attachment-woocommerce_thumbnail size-woocommerce_thumbnail\" alt=\"M\u0105ka \u017bytnia 2000\" srcset=\"https:\/\/www.sklep.mlynbocianek.pl\/wp-content\/uploads\/2024\/06\/zytnia2000v2-300x300.png 300w, https:\/\/www.sklep.mlynbocianek.pl\/wp-content\/uploads\/2024\/06\/zytnia2000v2-150x150.png 150w, https:\/\/www.sklep.mlynbocianek.pl\/wp-content\/uploads\/2024\/06\/zytnia2000v2-100x100.png 100w\" sizes=\"(max-width: 300px) 100vw, 300px\" \/><\/div>\n\t\t\t\t\t<div class=\"wc-block-grid__product-title\">M\u0105ka \u017bytnia 2000<\/div>\n\t\t\t\t<\/a>\n\t\t\t\t<div class=\"wc-block-grid__product-price price\"><span class=\"woocommerce-Price-amount amount\">25,00&nbsp;<span class=\"woocommerce-Price-currencySymbol\">&#122;&#322;<\/span><\/span><\/div>\n\t\t\t\t\n\t\t\t\t<div class=\"wp-block-button wc-block-grid__product-add-to-cart\"><a href=\"https:\/\/www.sklep.mlynbocianek.pl\/index.php\/produkt\/maka-zytnia-2000-4kg\/\" aria-label=\"Wybierz opcje dla &bdquo;M\u0105ka \u017bytnia 2000&rdquo;\" data-quantity=\"1\" data-product_id=\"67\" data-product_sku=\"maka-zytnia-2000-5kg\" data-price=\"25\" rel=\"nofollow\" class=\"wp-block-button__link  add_to_cart_button\">Wybierz opcje<\/a><\/div>\n\t\t\t<\/li><li class=\"wc-block-grid__product\">\n\t\t\t\t<a href=\"https:\/\/www.sklep.mlynbocianek.pl\/index.php\/produkt\/maka-pszenna-750-5kg\/\" class=\"wc-block-grid__product-link\">\n\t\t\t\t\t\n\t\t\t\t\t<div class=\"wc-block-grid__product-image\"><img decoding=\"async\" width=\"300\" height=\"300\" src=\"https:\/\/www.sklep.mlynbocianek.pl\/wp-content\/uploads\/2024\/06\/pszenna750v2-300x300.png\" class=\"attachment-woocommerce_thumbnail size-woocommerce_thumbnail\" alt=\"M\u0105ka Pszenna 750\" srcset=\"https:\/\/www.sklep.mlynbocianek.pl\/wp-content\/uploads\/2024\/06\/pszenna750v2-300x300.png 300w, https:\/\/www.sklep.mlynbocianek.pl\/wp-content\/uploads\/2024\/06\/pszenna750v2-150x150.png 150w, https:\/\/www.sklep.mlynbocianek.pl\/wp-content\/uploads\/2024\/06\/pszenna750v2-100x100.png 100w\" sizes=\"(max-width: 300px) 100vw, 300px\" \/><\/div>\n\t\t\t\t\t<div class=\"wc-block-grid__product-title\">M\u0105ka Pszenna 750<\/div>\n\t\t\t\t<\/a>\n\t\t\t\t<div class=\"wc-block-grid__product-price price\"><span class=\"woocommerce-Price-amount amount\">25,00&nbsp;<span class=\"woocommerce-Price-currencySymbol\">&#122;&#322;<\/span><\/span><\/div>\n\t\t\t\t\n\t\t\t\t<div class=\"wp-block-button wc-block-grid__product-add-to-cart\"><a href=\"https:\/\/www.sklep.mlynbocianek.pl\/index.php\/produkt\/maka-pszenna-750-5kg\/\" aria-label=\"Wybierz opcje dla &bdquo;M\u0105ka Pszenna 750&rdquo;\" data-quantity=\"1\" data-product_id=\"64\" data-product_sku=\"maka-pszenna-750-5kg\" data-price=\"25\" rel=\"nofollow\" class=\"wp-block-button__link  add_to_cart_button\">Wybierz opcje<\/a><\/div>\n\t\t\t<\/li><li class=\"wc-block-grid__product\">\n\t\t\t\t<a href=\"https:\/\/www.sklep.mlynbocianek.pl\/index.php\/produkt\/maka-zytnia-580-4kg\/\" class=\"wc-block-grid__product-link\">\n\t\t\t\t\t\n\t\t\t\t\t<div class=\"wc-block-grid__product-image\"><img decoding=\"async\" width=\"300\" height=\"300\" src=\"https:\/\/www.sklep.mlynbocianek.pl\/wp-content\/uploads\/2024\/06\/zytnia580v2-300x300.png\" class=\"attachment-woocommerce_thumbnail size-woocommerce_thumbnail\" alt=\"M\u0105ka \u017bytnia 580\" srcset=\"https:\/\/www.sklep.mlynbocianek.pl\/wp-content\/uploads\/2024\/06\/zytnia580v2-300x300.png 300w, https:\/\/www.sklep.mlynbocianek.pl\/wp-content\/uploads\/2024\/06\/zytnia580v2-150x150.png 150w, https:\/\/www.sklep.mlynbocianek.pl\/wp-content\/uploads\/2024\/06\/zytnia580v2-100x100.png 100w\" sizes=\"(max-width: 300px) 100vw, 300px\" \/><\/div>\n\t\t\t\t\t<div class=\"wc-block-grid__product-title\">M\u0105ka \u017bytnia 580<\/div>\n\t\t\t\t<\/a>\n\t\t\t\t<div class=\"wc-block-grid__product-price price\"><span class=\"woocommerce-Price-amount amount\">25,00&nbsp;<span class=\"woocommerce-Price-currencySymbol\">&#122;&#322;<\/span><\/span><\/div>\n\t\t\t\t\n\t\t\t\t<div class=\"wp-block-button wc-block-grid__product-add-to-cart\"><a href=\"https:\/\/www.sklep.mlynbocianek.pl\/index.php\/produkt\/maka-zytnia-580-4kg\/\" aria-label=\"Wybierz opcje dla &bdquo;M\u0105ka \u017bytnia 580&rdquo;\" data-quantity=\"1\" data-product_id=\"21\" data-product_sku=\"maka-zytnia-580-5kg\" data-price=\"25\" rel=\"nofollow\" class=\"wp-block-button__link  add_to_cart_button\">Wybierz opcje<\/a><\/div>\n\t\t\t<\/li><li class=\"wc-block-grid__product\">\n\t\t\t\t<a href=\"https:\/\/www.sklep.mlynbocianek.pl\/index.php\/produkt\/maka-pszenna-500-5-kg\/\" class=\"wc-block-grid__product-link\">\n\t\t\t\t\t\n\t\t\t\t\t<div class=\"wc-block-grid__product-image\"><img loading=\"lazy\" decoding=\"async\" width=\"300\" height=\"300\" src=\"https:\/\/www.sklep.mlynbocianek.pl\/wp-content\/uploads\/2024\/06\/pszenna500v2-300x300.png\" class=\"attachment-woocommerce_thumbnail size-woocommerce_thumbnail\" alt=\"M\u0105ka Pszenna 500\" srcset=\"https:\/\/www.sklep.mlynbocianek.pl\/wp-content\/uploads\/2024\/06\/pszenna500v2-300x300.png 300w, https:\/\/www.sklep.mlynbocianek.pl\/wp-content\/uploads\/2024\/06\/pszenna500v2-150x150.png 150w, https:\/\/www.sklep.mlynbocianek.pl\/wp-content\/uploads\/2024\/06\/pszenna500v2-100x100.png 100w\" sizes=\"(max-width: 300px) 100vw, 300px\" \/><\/div>\n\t\t\t\t\t<div class=\"wc-block-grid__product-title\">M\u0105ka Pszenna 500<\/div>\n\t\t\t\t<\/a>\n\t\t\t\t<div class=\"wc-block-grid__product-price price\"><span class=\"woocommerce-Price-amount amount\">25,00&nbsp;<span class=\"woocommerce-Price-currencySymbol\">&#122;&#322;<\/span><\/span><\/div>\n\t\t\t\t\n\t\t\t\t<div class=\"wp-block-button wc-block-grid__product-add-to-cart\"><a href=\"https:\/\/www.sklep.mlynbocianek.pl\/index.php\/produkt\/maka-pszenna-500-5-kg\/\" aria-label=\"Wybierz opcje dla &bdquo;M\u0105ka Pszenna 500&rdquo;\" data-quantity=\"1\" data-product_id=\"14\" data-product_sku=\"maka-pszenna-500-5kg\" data-price=\"25\" rel=\"nofollow\" class=\"wp-block-button__link  add_to_cart_button\">Wybierz opcje<\/a><\/div>\n\t\t\t<\/li><\/ul><\/div><\/div>\n<\/div>\n","protected":false},"excerpt":{"rendered":"","protected":false},"author":1,"featured_media":0,"parent":0,"menu_order":3,"comment_status":"closed","ping_status":"closed","template":"","meta":{"saved_in_kubio":false,"footnotes":""},"class_list":["post-7","page","type-page","status-publish","hentry"],"kubio_ai_page_context":{"short_desc":"","purpose":"general"},"_links":{"self":[{"href":"https:\/\/www.sklep.mlynbocianek.pl\/index.php\/wp-json\/wp\/v2\/pages\/7","targetHints":{"allow":["GET"]}}],"collection":[{"href":"https:\/\/www.sklep.mlynbocianek.pl\/index.php\/wp-json\/wp\/v2\/pages"}],"about":[{"href":"https:\/\/www.sklep.mlynbocianek.pl\/index.php\/wp-json\/wp\/v2\/types\/page"}],"author":[{"embeddable":true,"href":"https:\/\/www.sklep.mlynbocianek.pl\/index.php\/wp-json\/wp\/v2\/users\/1"}],"replies":[{"embeddable":true,"href":"https:\/\/www.sklep.mlynbocianek.pl\/index.php\/wp-json\/wp\/v2\/comments?post=7"}],"version-history":[{"count":3,"href":"https:\/\/www.sklep.mlynbocianek.pl\/index.php\/wp-json\/wp\/v2\/pages\/7\/revisions"}],"predecessor-version":[{"id":84,"href":"https:\/\/www.sklep.mlynbocianek.pl\/index.php\/wp-json\/wp\/v2\/pages\/7\/revisions\/84"}],"wp:attachment":[{"href":"https:\/\/www.sklep.mlynbocianek.pl\/index.php\/wp-json\/wp\/v2\/media?parent=7"}],"curies":[{"name":"wp","href":"https:\/\/api.w.org\/{rel}","templated":true}]}}