{"id":73,"date":"2024-02-24T13:17:57","date_gmt":"2024-02-24T13:17:57","guid":{"rendered":"https:\/\/www.sklep.mlynbocianek.pl\/?page_id=73"},"modified":"2025-07-03T17:00:54","modified_gmt":"2025-07-03T17:00:54","slug":"regulamin","status":"publish","type":"page","link":"https:\/\/www.sklep.mlynbocianek.pl\/index.php\/regulamin\/","title":{"rendered":"Regulamin"},"content":{"rendered":"\n<h2 class=\"wp-block-heading\">REGULAMIN SKLEPU INTERNETOWEGO<\/h2>\n\n\n\n<p><strong>www.sklep.mlynbocianek.pl<\/strong><\/p>\n\n\n\n<p><strong>\u00a7 1<\/strong><\/p>\n\n\n\n<p><strong>POSTANOWIENIA OG\u00d3LNE<\/strong><\/p>\n\n\n\n<ol class=\"wp-block-list\">\n<li>Sklep <strong>www.sklep.mlynbocianek.pl<\/strong> dzia\u0142a na&nbsp;zasadach okre\u015blonych w&nbsp;niniejszym Regulaminie.<\/li>\n\n\n\n<li>Regulamin okre\u015bla warunki zawierania i&nbsp;rozwi\u0105zywania Um\u00f3w Sprzeda\u017cy Produktu oraz tryb post\u0119powania reklamacyjnego, a tak\u017ce rodzaje i zakres us\u0142ug \u015bwiadczonych drog\u0105 elektroniczn\u0105 przez Sklep <strong>www.sklep.mlynbocianek.pl<\/strong>, zasady \u015bwiadczenia tych us\u0142ug, warunki zawierania i&nbsp;rozwi\u0105zywania um\u00f3w o&nbsp;\u015bwiadczenie us\u0142ug drog\u0105 elektroniczn\u0105.<\/li>\n\n\n\n<li>Ka\u017cdy Us\u0142ugobiorca z&nbsp;chwil\u0105 podj\u0119cia czynno\u015bci zmierzaj\u0105cych do korzystania z&nbsp;Us\u0142ug Elektronicznych Sklepu <strong>www.sklep.mlynbocianek.pl<\/strong> zobowi\u0105zany jest do&nbsp;przestrzegania postanowie\u0144 niniejszego Regulaminu.<\/li>\n\n\n\n<li>W sprawach nieuregulowanych w&nbsp;niniejszym Regulaminie maj\u0105 zastosowanie przepisy:\n<ol class=\"wp-block-list\">\n<li>ustawy o&nbsp;\u015bwiadczeniu us\u0142ug drog\u0105 elektroniczn\u0105 z&nbsp;dnia 18 lipca 2002 r.,<\/li>\n\n\n\n<li>ustawy o&nbsp;prawach konsumenta z&nbsp;dnia 30 maja 2014 r.,<\/li>\n\n\n\n<li>ustawy o&nbsp;pozas\u0105dowym rozwi\u0105zywaniu spor\u00f3w konsumenckich z&nbsp;dnia 23 wrze\u015bnia 2016 r.,<\/li>\n\n\n\n<li>ustawy Kodeks cywilny z&nbsp;dnia 23 kwietnia 1964 r. oraz inne w\u0142a\u015bciwe przepisy prawa polskiego.<\/li>\n<\/ol>\n<\/li>\n<\/ol>\n\n\n\n<p><strong>\u00a7 2<\/strong><\/p>\n\n\n\n<p><strong>DEFINICJE ZAWARTE W&nbsp;REGULAMINIE<\/strong><\/p>\n\n\n\n<ol class=\"wp-block-list\">\n<li><strong>FORMULARZ ZAM\u00d3WIENIA<\/strong>&nbsp;\u2013 formularz dost\u0119pny na&nbsp;stronie internetowej <strong>www.sklep.mlynbocianek.pl<\/strong> umo\u017cliwiaj\u0105cy z\u0142o\u017cenie Zam\u00f3wienia.<\/li>\n\n\n\n<li><strong>KLIENT<\/strong>&nbsp;\u2013 Us\u0142ugobiorca, kt\u00f3ry zamierza zawrze\u0107 lub zawar\u0142 Umow\u0119 Sprzeda\u017cy ze&nbsp;Sprzedawc\u0105.<\/li>\n\n\n\n<li><strong>KONSUMENT<\/strong>&nbsp;\u2013 osoba fizyczna, kt\u00f3ra dokonuje z&nbsp;przedsi\u0119biorc\u0105 czynno\u015bci prawnej niezwi\u0105zane bezpo\u015brednio z&nbsp;jej dzia\u0142alno\u015bci\u0105 gospodarcz\u0105 lub zawodow\u0105.<\/li>\n\n\n\n<li><strong>PRZEDSI\u0118BIORCA&nbsp;<\/strong>&#8211; osoba fizyczna, osoba prawna i&nbsp;jednostka organizacyjna nieb\u0119d\u0105ca osob\u0105 prawn\u0105, kt\u00f3rej ustawa przyznaje zdolno\u015b\u0107 prawn\u0105, prowadz\u0105ca we&nbsp;w\u0142asnym imieniu dzia\u0142alno\u015b\u0107 gospodarcz\u0105 lub zawodow\u0105.<\/li>\n\n\n\n<li><strong>PRODUKT<\/strong>&nbsp;\u2013 dost\u0119pna w&nbsp;Sklepie rzecz ruchoma b\u0119d\u0105ca przedmiotem Umowy Sprzeda\u017cy mi\u0119dzy Klientem a Sprzedawc\u0105.<\/li>\n\n\n\n<li><strong>REGULAMIN<\/strong>&nbsp;&#8211; niniejszy regulamin Sklepu.<\/li>\n\n\n\n<li><strong>SKLEP<\/strong>&nbsp;&#8211; Sklep internetowy Us\u0142ugodawcy dzia\u0142aj\u0105cy pod adresem <strong>www.sklep.mlynbocianek.pl<\/strong> .<\/li>\n\n\n\n<li><strong>SPRZEDAWCA<\/strong>,\u00a0<strong>US\u0141UGODAWCA<\/strong>\u00a0\u2013 <br>Dzia\u0142alno\u015b\u0107 nierejestrowana,<br>Arkadiusz Su\u0142kowski, <br>Sosnowa 4, 26-800 Bia\u0142obrzegi<\/li>\n\n\n\n<li><strong>UMOWA SPRZEDA\u017bY<\/strong>&nbsp;\u2013 Umowa Sprzeda\u017cy Produktu zawarta mi\u0119dzy Klientem, a Sprzedawc\u0105 za&nbsp;po\u015brednictwem Sklepu.<\/li>\n\n\n\n<li><strong>ZAM\u00d3WIENIE<\/strong>&nbsp;&#8211; o\u015bwiadczenie woli Klienta stanowi\u0105ce ofert\u0119 zawarcia Umowy Sprzeda\u017cy Produktu ze&nbsp;Sprzedawc\u0105.<\/li>\n\n\n\n<li><strong>CENA&nbsp;<\/strong>\u2013 warto\u015b\u0107 wyra\u017cona w&nbsp;jednostkach pieni\u0119\u017cnych, kt\u00f3r\u0105 Klient jest obowi\u0105zany zap\u0142aci\u0107 Sprzedawcy za&nbsp;Produkt.<br><\/li>\n<\/ol>\n\n\n\n<p><strong>\u00a7 3<\/strong><\/p>\n\n\n\n<p><strong>INFORMACJE DOTYCZ\u0104CE PRODUKT\u00d3W ORAZ ICH ZAMAWIANIA<\/strong><\/p>\n\n\n\n<ol class=\"wp-block-list\">\n<li>Sklep <strong>www.sklep.mlynbocianek.pl<\/strong> prowadzi sprzeda\u017c Produkt\u00f3w za&nbsp;po\u015brednictwem sieci Internet.<\/li>\n\n\n\n<li>Produkty oferowane w&nbsp;Sklepie s\u0105 zgodne z&nbsp;umow\u0105 i&nbsp;zosta\u0142y legalnie wprowadzone na&nbsp;rynek polski.<\/li>\n\n\n\n<li>Informacje znajduj\u0105ce si\u0119 na&nbsp;stronach internetowych Sklepu nie stanowi\u0105 oferty w&nbsp;rozumieniu przepis\u00f3w prawa. Klient, sk\u0142adaj\u0105c Zam\u00f3wienie, sk\u0142ada ofert\u0119 kupna okre\u015blonego Produktu na warunkach podanych w&nbsp;jego opisie.<\/li>\n\n\n\n<li>Cena Produktu uwidoczniona na&nbsp;stronie internetowej Sklepu podana jest w&nbsp;z\u0142otych polskich (PLN) i&nbsp;zawiera wszystkie sk\u0142adniki. <strong>Cena nie zawiera koszt\u00f3w dostawy<\/strong>.<\/li>\n\n\n\n<li>Zam\u00f3wienia mo\u017cna sk\u0142ada\u0107 poprzez witryn\u0119 internetow\u0105 za&nbsp;pomoc\u0105 Formularza Zam\u00f3wie\u0144 (Sklep <strong>www.sklep.mlynbocianek.pl<\/strong>) \u2013 24 godziny na&nbsp;dob\u0119 przez ca\u0142y rok.<\/li>\n\n\n\n<li>Warunkiem z\u0142o\u017cenia Zam\u00f3wienia w&nbsp;Sklepie przez Klienta jest zapoznanie si\u0119 z&nbsp;Regulaminem i&nbsp;akceptacja jego postanowie\u0144 w&nbsp;czasie sk\u0142adania Zam\u00f3wienia.<\/li>\n<\/ol>\n\n\n\n<p><strong>\u00a7 4<\/strong><\/p>\n\n\n\n<p><strong>ZAWARCIE UMOWY SPRZEDA\u017bY<\/strong><\/p>\n\n\n\n<ol class=\"wp-block-list\">\n<li>Do zawarcia Umowy Sprzeda\u017cy, niezb\u0119dne jest wcze\u015bniejsze z\u0142o\u017cenie przez Klienta Zam\u00f3wienia udost\u0119pnionym przez Sprzedawc\u0119 sposobem, zgodnie z&nbsp;\u00a7 3 pkt 5 oraz 6 Regulaminu.<\/li>\n\n\n\n<li>Po z\u0142o\u017ceniu Zam\u00f3wienia Sprzedawca niezw\u0142ocznie potwierdza jego otrzymanie.<\/li>\n\n\n\n<li>Potwierdzenie przyj\u0119cia Zam\u00f3wienia, o&nbsp;kt\u00f3rym mowa w&nbsp;pkt 2 niniejszego paragrafu powoduje zwi\u0105zanie Klienta jego Zam\u00f3wieniem. Potwierdzenie otrzymania Zam\u00f3wienia nast\u0119puje poprzez przes\u0142anie wiadomo\u015bci e-mail.<\/li>\n\n\n\n<li>Potwierdzenie otrzymania Zam\u00f3wienia zawiera:\n<ol class=\"wp-block-list\">\n<li>potwierdzenie wszystkich istotnych element\u00f3w Zam\u00f3wienia,<\/li>\n\n\n\n<li>formularz odst\u0105pienia od umowy.<\/li>\n<\/ol>\n<\/li>\n\n\n\n<li>Z chwil\u0105 otrzymania przez Klienta wiadomo\u015bci e-mail, o&nbsp;kt\u00f3rej mowa w&nbsp;pkt 4 niniejszego paragrafu, zostaje zawarta Umowa Sprzeda\u017cy mi\u0119dzy Klientem, a Sprzedawc\u0105.<\/li>\n\n\n\n<li>Ka\u017cda Umowa Sprzeda\u017cy b\u0119dzie potwierdzana dowodem zakupu, kt\u00f3ry b\u0119dzie do\u0142\u0105czany do&nbsp;Produktu.<br><br><\/li>\n<\/ol>\n\n\n\n<p><strong>\u00a7 5<\/strong><\/p>\n\n\n\n<p><strong>SPOSOBY P\u0141ATNO\u015aCI<\/strong><\/p>\n\n\n\n<ol class=\"wp-block-list\">\n<li>Sprzedawca udost\u0119pnia nast\u0119puj\u0105ce sposoby p\u0142atno\u015bci:\n<ol class=\"wp-block-list\">\n<li>p\u0142atno\u015b\u0107 przelewem tradycyjnym na&nbsp;rachunek bankowy Sprzedawcy,<\/li>\n\n\n\n<li>p\u0142atno\u015b\u0107 za&nbsp;po\u015brednictwem elektronicznego systemu p\u0142atno\u015bci.<br>Podmiotem \u015bwiadcz\u0105cym obs\u0142ug\u0119 p\u0142atno\u015bci online jest <strong>Autopay S.A<\/strong>.<br><img fetchpriority=\"high\" decoding=\"async\" width=\"800\" height=\"132\" class=\"wp-image-219\" style=\"width: 800px;\" src=\"http:\/\/www.sklep.mlynbocianek.pl\/wp-content\/uploads\/2024\/06\/800x132-bank.png\" alt=\"\" srcset=\"https:\/\/www.sklep.mlynbocianek.pl\/wp-content\/uploads\/2024\/06\/800x132-bank.png 800w, https:\/\/www.sklep.mlynbocianek.pl\/wp-content\/uploads\/2024\/06\/800x132-bank-300x50.png 300w, https:\/\/www.sklep.mlynbocianek.pl\/wp-content\/uploads\/2024\/06\/800x132-bank-768x127.png 768w, https:\/\/www.sklep.mlynbocianek.pl\/wp-content\/uploads\/2024\/06\/800x132-bank-600x99.png 600w\" sizes=\"(max-width: 800px) 100vw, 800px\" \/>   <\/li>\n<\/ol>\n<\/li>\n\n\n\n<li>W przypadku p\u0142atno\u015bci przelewem tradycyjnym, wp\u0142aty nale\u017cy dokona\u0107 na&nbsp;rachunek bankowy numer: <strong>33 1240 5716 1111 0010 6278 5177<\/strong> (Bank Pekao S.A.) <strong>Arkadiusz Su\u0142kowski<\/strong>.<br>W&nbsp;tytule przelewu nale\u017cy wpisa\u0107 \u201e<strong>Zam\u00f3wienie nr<\/strong> \u2026\u201d.<\/li>\n\n\n\n<li>W przypadku p\u0142atno\u015bci za&nbsp;po\u015brednictwem elektronicznego systemu p\u0142atno\u015bci Klient dokonuje zap\u0142aty przed rozpocz\u0119ciem realizacji Zam\u00f3wienia. Elektroniczny system p\u0142atno\u015bci umo\u017cliwia dokonanie p\u0142atno\u015bci za&nbsp;pomoc\u0105 karty kredytowej lub szybkiego przelewu z&nbsp;wybranych polskich bank\u00f3w.<\/li>\n\n\n\n<li>Klient zobowi\u0105zany jest do&nbsp;dokonania zap\u0142aty ceny z&nbsp;tytu\u0142u Umowy Sprzeda\u017cy w&nbsp;terminie <strong>3<\/strong> dni roboczych od dnia jej zawarcia, chyba \u017ce Umowa Sprzeda\u017cy stanowi inaczej.<\/li>\n\n\n\n<li>Produkt zostanie wys\u0142any dopiero po jego op\u0142aceniu.<br><\/li>\n<\/ol>\n\n\n\n<p><strong>\u00a7 6<\/strong><\/p>\n\n\n\n<p><strong>KOSZT, TERMIN I&nbsp;SPOSOBY DOSTAWY PRODUKTU<\/strong><\/p>\n\n\n\n<ol class=\"wp-block-list\">\n<li>Koszty dostawy Produktu, kt\u00f3re pokrywa Klient, s\u0105 ustalane w&nbsp;trakcie procesu sk\u0142adania Zam\u00f3wienia.<\/li>\n\n\n\n<li>Na termin dostawy Produktu sk\u0142ada si\u0119 czas kompletowania Produktu oraz czas dostawy Produktu przez przewo\u017anika:\n<ol class=\"wp-block-list\">\n<li>czas kompletowania Produkt\u00f3w wynosi <strong>5<\/strong> dni roboczych,<\/li>\n\n\n\n<li>dostawa Produkt\u00f3w stanowi\u0105cych rzeczy ruchome przez przewo\u017anika nast\u0119puje w&nbsp;terminie przez niego deklarowanym tj. <strong>2-7<\/strong> dni roboczych od momentu nadania przesy\u0142ki (dostawa nast\u0119puje wy\u0142\u0105cznie w&nbsp;dni robocze z&nbsp;wy\u0142\u0105czeniem sob\u00f3t, niedziel i&nbsp;\u015bwi\u0105t).<\/li>\n<\/ol>\n<\/li>\n\n\n\n<li>Zakupione w&nbsp;Sklepie Produkty s\u0105 wysy\u0142ane wy\u0142\u0105cznie na&nbsp;terenie Polski za&nbsp;po\u015brednictwem Poczty Polskiej lub firmy kurierskiej.<br><\/li>\n<\/ol>\n\n\n\n<p><strong>\u00a7 7<\/strong><\/p>\n\n\n\n<p><strong>REKLAMACJA PRODUKTU<\/strong><\/p>\n\n\n\n<ol class=\"wp-block-list\">\n<li><strong>Reklamacja&nbsp;<\/strong><strong>z tytu\u0142u braku zgodno\u015bci Produktu z&nbsp;umow\u0105.<\/strong>\n<ol class=\"wp-block-list\">\n<li>Podstawa i&nbsp;zakres odpowiedzialno\u015bci Sprzedawcy wobec Klienta b\u0119d\u0105cego Konsumentem z&nbsp;tytu\u0142u braku zgodno\u015bci Produktu z&nbsp;umow\u0105 s\u0105 okre\u015blone w&nbsp;ustawie o&nbsp;prawach konsumenta z&nbsp;dnia z&nbsp;dnia 30 maja 2014 r.,<\/li>\n\n\n\n<li>podstawa i&nbsp;zakres odpowiedzialno\u015bci Sprzedawcy wobec Klienta b\u0119d\u0105cego Przedsi\u0119biorc\u0105, z&nbsp;tytu\u0142u r\u0119kojmi s\u0105 okre\u015blone w&nbsp;ustawie Kodeks cywilny z&nbsp;dnia 23 kwietnia 1964 r.,<\/li>\n\n\n\n<li>zawiadomienia o&nbsp;braku zgodno\u015bci Produktu z&nbsp;umow\u0105 oraz zg\u0142oszenie odpowiedniego \u017c\u0105dania mo\u017cna dokona\u0107 za&nbsp;po\u015brednictwem poczty elektronicznej na&nbsp;adres: <strong>sklep@mlynbocianek.pl<\/strong><\/li>\n\n\n\n<li>w powy\u017cszej wiadomo\u015bci w&nbsp;formie pisemnej lub elektronicznej nale\u017cy poda\u0107 jak najwi\u0119cej informacji i&nbsp;okoliczno\u015bci dotycz\u0105cych przedmiotu reklamacji, w&nbsp;szczeg\u00f3lno\u015bci rodzaj i&nbsp;dat\u0119 wyst\u0105pienia nieprawid\u0142owo\u015bci oraz dane kontaktowe. Podane informacje znacznie u\u0142atwi\u0105 i&nbsp;przyspiesz\u0105 rozpatrzenie reklamacji przez Sprzedawc\u0119,<\/li>\n\n\n\n<li>dla oceny nieprawid\u0142owo\u015bci i&nbsp;niezgodno\u015bci Produktu z&nbsp;umow\u0105, Konsument ma&nbsp;obowi\u0105zek udost\u0119pni\u0107 Produkt Sprzedawcy, a Sprzedawca zobowi\u0105zany jest do&nbsp;odebrania go na&nbsp;sw\u00f3j koszt,<\/li>\n\n\n\n<li>Sprzedawca ustosunkuje si\u0119 do&nbsp;\u017c\u0105dania Klienta niezw\u0142ocznie, nie p\u00f3\u017aniej ni\u017c w&nbsp;terminie 14 dni od momentu zg\u0142oszenia reklamacji,<\/li>\n\n\n\n<li>w przypadku reklamacji Klienta b\u0119d\u0105cego Konsumentem \u2013 nierozpatrzenie reklamacji w&nbsp;terminie 14 dni od jej zg\u0142oszenia jest jednoznaczne z&nbsp;jej uwzgl\u0119dnieniem,<\/li>\n\n\n\n<li>w zwi\u0105zku z&nbsp;uzasadnion\u0105 reklamacj\u0105 Klienta b\u0119d\u0105cego Konsumentem Sprzedawca odpowiednio:<\/li>\n<\/ol>\n<\/li>\n<\/ol>\n\n\n\n<ol style=\"list-style-type:lower-alpha\" class=\"wp-block-list\">\n<li>pokrywa koszty naprawy lub wymiany oraz ponownego dostarczenia Produktu do Klienta,<\/li>\n\n\n\n<li>obni\u017ca cen\u0119 Produktu (obni\u017cona cena musi pozostawa\u0107 w&nbsp;proporcji ceny towaru zgodnego z&nbsp;umow\u0105 do&nbsp;towaru niezgodnego z&nbsp;umow\u0105) i&nbsp;zwraca Konsumentowi warto\u015b\u0107 obni\u017conej ceny najp\u00f3\u017aniej w&nbsp;terminie 14 dni od otrzymania o\u015bwiadczenia o&nbsp;obni\u017ceniu ceny od Konsumenta,<\/li>\n\n\n\n<li>w przypadku odst\u0105pienia od umowy przez Konsumenta \u2013 Sprzedawca zwraca mu cen\u0119 Produktu najp\u00f3\u017aniej w&nbsp;terminie 14 dni od dnia otrzymania zwracanego towaru lub dowodu jego odes\u0142ania. W&nbsp;razie odst\u0105pienia od umowy, Konsument zobowi\u0105zany jest niezw\u0142ocznie zwr\u00f3ci\u0107 towar do&nbsp;Sprzedawcy na&nbsp;koszt Sprzedawcy,<\/li>\n\n\n\n<li>odpowied\u017a na&nbsp;reklamacj\u0119 jest przekazywana na&nbsp;papierze lub innym trwa\u0142ym no\u015bniku np. wiadomo\u015b\u0107 mailowa lub SMS.<\/li>\n<\/ol>\n\n\n\n<p><strong>\u00a7 8<\/strong><\/p>\n\n\n\n<p><strong>PRAWO ODST\u0104PIENIA OD UMOWY<\/strong><\/p>\n\n\n\n<ol class=\"wp-block-list\">\n<li>Z zastrze\u017ceniem pkt 10 niniejszego paragrafu, Klient b\u0119d\u0105cy jednocze\u015bnie Konsumentem, kt\u00f3ry zawar\u0142 umow\u0119 na&nbsp;odleg\u0142o\u015b\u0107, mo\u017ce od niej odst\u0105pi\u0107 bez podania przyczyn, sk\u0142adaj\u0105c stosowne o\u015bwiadczenie w&nbsp;terminie 14 dni.<\/li>\n\n\n\n<li>W razie odst\u0105pienia od umowy, Umowa Sprzeda\u017cy jest uwa\u017cana za niezawart\u0105, a Konsument ma&nbsp;obowi\u0105zek zwr\u00f3ci\u0107 Produkt Sprzedawcy lub przekaza\u0107 go osobie upowa\u017cnionej przez Sprzedawc\u0119 do&nbsp;odbioru niezw\u0142ocznie, jednak nie p\u00f3\u017aniej ni\u017c 14 dni od dnia, w&nbsp;kt\u00f3rym odst\u0105pi\u0142 od umowy, chyba \u017ce Sprzedawca zaproponowa\u0142, \u017ce sam odbierze Produkt. Do&nbsp;zachowania terminu wystarczy odes\u0142anie Produktu przed jego up\u0142ywem.<\/li>\n\n\n\n<li>W przypadku odst\u0105pienia od Umowy Sprzeda\u017cy nale\u017cy dokona\u0107 zwrotu Produktu na&nbsp;adres: <br>Bocianek \u017baneta Su\u0142kowska<br>Sosnowa 4, 26-800 Bia\u0142obrzegi<\/li>\n\n\n\n<li>Konsument ponosi odpowiedzialno\u015b\u0107 za&nbsp;zmniejszenie warto\u015bci Produktu b\u0119d\u0105ce wynikiem korzystania z&nbsp;niego w&nbsp;spos\u00f3b wykraczaj\u0105cy poza konieczny do&nbsp;stwierdzenia charakteru, cech i&nbsp;funkcjonowania Produktu, chyba \u017ce Sprzedawca nie poinformowa\u0142 Konsumenta lub podmiotu, o kt\u00f3rym mowa w&nbsp;\u00a7 10 o&nbsp;sposobie i&nbsp;terminie wykonania prawa odst\u0105pienia od umowy oraz nie udost\u0119pni\u0142 mu wzoru formularza odst\u0105pienia od umowy. W&nbsp;celu stwierdzenia charakteru, cech i&nbsp;funkcjonowania Produkt\u00f3w Konsument powinien obchodzi\u0107 si\u0119 z&nbsp;Produktami i&nbsp;sprawdza\u0107 je tylko w&nbsp;taki sam spos\u00f3b, w&nbsp;jaki m\u00f3g\u0142by to zrobi\u0107 w&nbsp;sklepie stacjonarnym.<\/li>\n\n\n\n<li>Z zastrze\u017ceniem pkt 6 oraz 8 niniejszego paragrafu, Sprzedawca dokona zwrotu warto\u015bci Produktu wraz z&nbsp;kosztami jego dostawy przy u\u017cyciu takiego samego sposobu zap\u0142aty, jakiego u\u017cy\u0142 Konsument, chyba \u017ce Konsument wyra\u017anie zgodzi\u0142 si\u0119 na&nbsp;inny spos\u00f3b zwrotu, kt\u00f3ry nie wi\u0105\u017ce si\u0119 dla niego z&nbsp;\u017cadnymi kosztami. Z&nbsp;zastrze\u017ceniem pkt 7 niniejszego paragrafu, zwrot nast\u0105pi niezw\u0142ocznie, a najp\u00f3\u017aniej w&nbsp;terminie 14 dni od momentu otrzymania przez Sprzedawc\u0119 o\u015bwiadczenia o&nbsp;odst\u0105pieniu od Umowy Sprzeda\u017cy.<\/li>\n\n\n\n<li>Je\u017celi Konsument wybra\u0142 spos\u00f3b dostawy Produktu inny ni\u017c najta\u0144szy zwyk\u0142y spos\u00f3b dostarczenia oferowany przez Sklep, Sprzedawca nie jest zobowi\u0105zany do&nbsp;zwrotu mu, poniesionych przez niego dodatkowych koszt\u00f3w.<\/li>\n\n\n\n<li>Je\u017celi Sprzedawca nie zaproponowa\u0142, \u017ce sam odbierze Produkt od Konsumenta mo\u017ce wstrzyma\u0107 si\u0119 ze&nbsp;zwrotem p\u0142atno\u015bci otrzymanych od Konsumenta do&nbsp;chwili otrzymania rzeczy z&nbsp;powrotem lub dostarczenia dowodu jej odes\u0142ania, w&nbsp;zale\u017cno\u015bci od tego, kt\u00f3re zdarzenie nast\u0105pi wcze\u015bniej.<\/li>\n\n\n\n<li>Konsument odst\u0119puj\u0105cy od Umowy Sprzeda\u017cy, zgodnie z&nbsp;pkt 1 niniejszego paragrafu, ponosi jedynie koszty odes\u0142ania Produktu do&nbsp;Sprzedawcy.<\/li>\n\n\n\n<li>Termin czternastodniowy, w&nbsp;kt\u00f3rym Konsument mo\u017ce odst\u0105pi\u0107 od umowy, liczy si\u0119 dla umowy, w&nbsp;wykonaniu kt\u00f3rej Sprzedawca wydaje Produkt b\u0119d\u0105c zobowi\u0105zanym do&nbsp;przeniesienia jego w\u0142asno\u015bci &#8211; od dnia, w&nbsp;kt\u00f3rym Konsument (lub wskazana przez niego osoba trzecia inna ni\u017c przewo\u017anik) obj\u0105\u0142 Produkt w&nbsp;posiadanie.<\/li>\n\n\n\n<li>Prawo odst\u0105pienia od umowy zawartej na&nbsp;odleg\u0142o\u015b\u0107 nie przys\u0142uguje Konsumentowi w&nbsp;wypadku Umowy Sprzeda\u017cy m.in., w&nbsp;kt\u00f3rej przedmiotem \u015bwiadczenia jest towar nieprefabrykowany, wyprodukowany wed\u0142ug specyfikacji Konsumenta lub s\u0142u\u017c\u0105cy zaspokojeniu jego zindywidualizowanych potrzeb.<\/li>\n\n\n\n<li>Prawo odst\u0105pienia od Umowy Sprzeda\u017cy przys\u0142uguje zar\u00f3wno Sprzedawcy, jak i&nbsp;Klientowi, w&nbsp;przypadku niewykonania przez drug\u0105 stron\u0119 umowy swojego zobowi\u0105zania w&nbsp;terminie \u015bci\u015ble okre\u015blonym.<\/li>\n<\/ol>\n\n\n\n<p><strong>\u00a7 9<\/strong><\/p>\n\n\n\n<p><strong>RODZAJ I ZAKRES US\u0141UG ELEKTRONICZNYCH<\/strong><\/p>\n\n\n\n<ol class=\"wp-block-list\">\n<li>Us\u0142ugodawca umo\u017cliwia za&nbsp;po\u015brednictwem Sklepu korzystanie z&nbsp;Us\u0142ugi Elektronicznej jak\u0105 jest zawieranie Um\u00f3w Sprzeda\u017cy Produktu.<\/li>\n\n\n\n<li>\u015awiadczenie Us\u0142ugi Elektronicznej na&nbsp;rzecz Us\u0142ugobiorc\u00f3w w&nbsp;Sklepie odbywa si\u0119 na&nbsp;warunkach okre\u015blonych w&nbsp;Regulaminie.<\/li>\n\n\n\n<li>Us\u0142ugodawca ma&nbsp;prawo do&nbsp;zamieszczania na&nbsp;stronie internetowej Sklepu tre\u015bci reklamowych. Tre\u015bci te, stanowi\u0105 integraln\u0105 cz\u0119\u015b\u0107 Sklepu i&nbsp;prezentowanych w&nbsp;nim materia\u0142\u00f3w.<\/li>\n<\/ol>\n\n\n\n<p><strong>\u00a7 10<\/strong><\/p>\n\n\n\n<p><strong>WARUNKI \u015aWIADCZENIA I&nbsp;ZAWIERANIA UM\u00d3W O&nbsp;\u015aWIADCZENIE US\u0141UG ELEKTRONICZNYCH<\/strong><\/p>\n\n\n\n<ol class=\"wp-block-list\">\n<li>\u015awiadczenie Us\u0142ugi Elektronicznej okre\u015blonej w&nbsp;\u00a7 9 pkt 1 Regulaminu przez Us\u0142ugodawc\u0119 jest nieodp\u0142atne.<\/li>\n\n\n\n<li>Umowa o&nbsp;\u015bwiadczenie Us\u0142ugi Elektronicznej polegaj\u0105cej na&nbsp;umo\u017cliwieniu z\u0142o\u017cenia Zam\u00f3wienia w&nbsp;Sklepie zawierana jest na&nbsp;czas oznaczony i&nbsp;ulega rozwi\u0105zaniu z&nbsp;chwil\u0105 z\u0142o\u017cenia Zam\u00f3wienia albo zaprzestania jego sk\u0142adania przez Us\u0142ugobiorc\u0119.<\/li>\n\n\n\n<li>Wymagania techniczne niezb\u0119dne do&nbsp;wsp\u00f3\u0142pracy z&nbsp;systemem teleinformatycznym, kt\u00f3rym pos\u0142uguje si\u0119 Us\u0142ugodawca:\n<ol class=\"wp-block-list\">\n<li>komputer (lub urz\u0105dzenie mobilne) z&nbsp;dost\u0119pem do&nbsp;Internetu,<\/li>\n\n\n\n<li>dost\u0119p do&nbsp;poczty elektronicznej,<\/li>\n\n\n\n<li>przegl\u0105darka internetowa,<\/li>\n\n\n\n<li>w\u0142\u0105czenie w&nbsp;przegl\u0105darce internetowej Cookies oraz Javascript.<\/li>\n<\/ol>\n<\/li>\n\n\n\n<li>Us\u0142ugobiorca zobowi\u0105zany jest do&nbsp;korzystania ze&nbsp;Sklepu w&nbsp;spos\u00f3b zgodny z&nbsp;prawem i&nbsp;dobrymi obyczajami maj\u0105c na&nbsp;uwadze poszanowanie d\u00f3br osobistych i&nbsp;praw w\u0142asno\u015bci intelektualnej os\u00f3b trzecich.<\/li>\n\n\n\n<li>Us\u0142ugobiorca zobowi\u0105zany jest do&nbsp;wprowadzania danych zgodnych ze&nbsp;stanem faktycznym.<\/li>\n\n\n\n<li>Us\u0142ugobiorc\u0119 obowi\u0105zuje zakaz dostarczania tre\u015bci o&nbsp;charakterze bezprawnym.<\/li>\n<\/ol>\n\n\n\n<p><strong>\u00a7 11<\/strong><\/p>\n\n\n\n<p><strong>REKLAMACJE ZWI\u0104ZANE ZE \u015aWIADCZENIEM US\u0141UG ELEKTRONICZNYCH<\/strong><\/p>\n\n\n\n<ol class=\"wp-block-list\">\n<li>Reklamacje zwi\u0105zane ze&nbsp;\u015bwiadczeniem Us\u0142ugi Elektronicznej za&nbsp;po\u015brednictwem Sklepu Us\u0142ugobiorca mo\u017ce sk\u0142ada\u0107 za&nbsp;po\u015brednictwem poczty elektronicznej na&nbsp;adres: <strong>sklep@mlynbocianek.pl<\/strong><\/li>\n\n\n\n<li>W powy\u017cszej wiadomo\u015bci e-mail, nale\u017cy poda\u0107 jak najwi\u0119cej informacji i&nbsp;okoliczno\u015bci dotycz\u0105cych przedmiotu reklamacji, w&nbsp;szczeg\u00f3lno\u015bci rodzaj i&nbsp;dat\u0119 wyst\u0105pienia nieprawid\u0142owo\u015bci oraz dane kontaktowe. Podane informacje znacznie u\u0142atwi\u0105 i&nbsp;przyspiesz\u0105 rozpatrzenie reklamacji przez Us\u0142ugodawc\u0119.<\/li>\n\n\n\n<li>Rozpatrzenie reklamacji przez Us\u0142ugodawc\u0119 nast\u0119puje niezw\u0142ocznie, nie p\u00f3\u017aniej ni\u017c w&nbsp;terminie 14 dni od momentu zg\u0142oszenia.<\/li>\n\n\n\n<li>Odpowied\u017a Us\u0142ugodawcy w&nbsp;sprawie reklamacji jest wysy\u0142ana na&nbsp;adres e-mail Us\u0142ugobiorcy podany w&nbsp;zg\u0142oszeniu reklamacyjnym lub w&nbsp;inny podany przez Us\u0142ugobiorc\u0119 spos\u00f3b<br><br><\/li>\n<\/ol>\n\n\n\n<p><strong>\u00a7 12<\/strong><\/p>\n\n\n\n<p><strong>POSTANOWIENIA KO\u0143COWE<\/strong><\/p>\n\n\n\n<ol class=\"wp-block-list\">\n<li>Umowy zawierane poprzez Sklep zawierane s\u0105 zgodnie z&nbsp;prawem polskim.<\/li>\n\n\n\n<li>W przypadku niezgodno\u015bci jakiejkolwiek cz\u0119\u015bci Regulaminu z obowi\u0105zuj\u0105cym prawem, w&nbsp;miejsce zakwestionowanego przepisu Regulaminu zastosowanie maj\u0105 w\u0142a\u015bciwe przepisy prawa polskiego.<\/li>\n\n\n\n<li>Wszelkie spory wynik\u0142e z&nbsp;Um\u00f3w Sprzeda\u017cy mi\u0119dzy Sklepem, a Konsumentami b\u0119d\u0105 rozstrzygane w&nbsp;pierwszej kolejno\u015bci na&nbsp;drodze negocjacji, z&nbsp;intencj\u0105 polubownego zako\u0144czenia sporu, z&nbsp;uwzgl\u0119dnieniem ustawy o&nbsp;pozas\u0105dowym rozwi\u0105zywaniu spor\u00f3w konsumenckich. Je\u015bli jednak nie by\u0142oby to mo\u017cliwe, lub te\u017c by\u0142oby niesatysfakcjonuj\u0105ce dla kt\u00f3rejkolwiek ze&nbsp;stron, spory b\u0119d\u0105 rozstrzygane przez w\u0142a\u015bciwy s\u0105d powszechny, zgodnie z&nbsp;pkt 4 niniejszego paragrafu.<\/li>\n\n\n\n<li>Ewentualne spory powsta\u0142e pomi\u0119dzy Us\u0142ugodawc\u0105, a Us\u0142ugobiorc\u0105 (Klientem) b\u0119d\u0105cym jednocze\u015bnie Konsumentem zostaj\u0105 poddane s\u0105dom w\u0142a\u015bciwym zgodnie z&nbsp;przepisami kodeksu post\u0119powania cywilnego z&nbsp;dnia 17 listopada 1964 r.<\/li>\n\n\n\n<li>Klient b\u0119d\u0105cy Konsumentem ma&nbsp;r\u00f3wnie\u017c prawo do&nbsp;skorzystania z pozas\u0105dowych sposob\u00f3w rozstrzygania spor\u00f3w w&nbsp;szczeg\u00f3lno\u015bci poprzez z\u0142o\u017cenie po zako\u0144czeniu post\u0119powania reklamacyjnego wniosku o&nbsp;wszcz\u0119cie mediacji lub wniosku o&nbsp;rozpatrzenie sprawy przez s\u0105d polubowny (wniosek mo\u017cna pobra\u0107 na&nbsp;stronie internetowej&nbsp;<a href=\"http:\/\/www.uokik.gov.pl\/download.php?plik=6223)\">http:\/\/www.uokik.gov.pl\/download.php?plik=6223)<\/a>. Wykaz Sta\u0142ych Polubownych S\u0105d\u00f3w Konsumenckich dzia\u0142aj\u0105cych przy Wojew\u00f3dzkich Inspektoratach Inspekcji Handlowej dost\u0119pny jest na&nbsp;stronie internetowej: http:\/\/www.uokik.gov.pl\/wazne_adresy.php#faq596. Konsument mo\u017ce skorzysta\u0107 tak\u017ce z&nbsp;bezp\u0142atnej pomocy powiatowego (miejskiego) rzecznika konsument\u00f3w lub organizacji spo\u0142ecznej, do kt\u00f3rej zada\u0144 statutowych nale\u017cy ochrona konsument\u00f3w. Pozas\u0105dowe dochodzenie roszcze\u0144 po zako\u0144czeniu post\u0119powania reklamacyjnego jest bezp\u0142atne.<\/li>\n\n\n\n<li>Konsument w&nbsp;celu polubownego rozwi\u0105zania sporu mo\u017ce w&nbsp;szczeg\u00f3lno\u015bci z\u0142o\u017cy\u0107 skarg\u0119 za&nbsp;po\u015brednictwem platformy internetowej ODR (Online Dispute Resolution), dost\u0119pnej pod adresem:&nbsp;<a href=\"http:\/\/ec.europa.eu\/consumers\/odr\">http:\/\/ec.europa.eu\/consumers\/odr<\/a>\/.<\/li>\n<\/ol>\n","protected":false},"excerpt":{"rendered":"<p>REGULAMIN SKLEPU INTERNETOWEGO www.sklep.mlynbocianek.pl \u00a7 1 POSTANOWIENIA OG\u00d3LNE \u00a7 2 DEFINICJE ZAWARTE W&nbsp;REGULAMINIE \u00a7 3 INFORMACJE DOTYCZ\u0104CE PRODUKT\u00d3W ORAZ ICH ZAMAWIANIA \u00a7 4 ZAWARCIE UMOWY SPRZEDA\u017bY \u00a7 5 SPOSOBY P\u0141ATNO\u015aCI \u00a7 6 KOSZT, TERMIN I&nbsp;SPOSOBY DOSTAWY PRODUKTU \u00a7 7 REKLAMACJA PRODUKTU \u00a7 8 PRAWO ODST\u0104PIENIA OD UMOWY \u00a7 9 RODZAJ I ZAKRES US\u0141UG ELEKTRONICZNYCH \u00a7&hellip;<\/p>\n","protected":false},"author":1,"featured_media":0,"parent":0,"menu_order":0,"comment_status":"closed","ping_status":"closed","template":"","meta":{"saved_in_kubio":true,"footnotes":""},"class_list":["post-73","page","type-page","status-publish","hentry"],"kubio_ai_page_context":{"short_desc":"","purpose":"general"},"_links":{"self":[{"href":"https:\/\/www.sklep.mlynbocianek.pl\/index.php\/wp-json\/wp\/v2\/pages\/73","targetHints":{"allow":["GET"]}}],"collection":[{"href":"https:\/\/www.sklep.mlynbocianek.pl\/index.php\/wp-json\/wp\/v2\/pages"}],"about":[{"href":"https:\/\/www.sklep.mlynbocianek.pl\/index.php\/wp-json\/wp\/v2\/types\/page"}],"author":[{"embeddable":true,"href":"https:\/\/www.sklep.mlynbocianek.pl\/index.php\/wp-json\/wp\/v2\/users\/1"}],"replies":[{"embeddable":true,"href":"https:\/\/www.sklep.mlynbocianek.pl\/index.php\/wp-json\/wp\/v2\/comments?post=73"}],"version-history":[{"count":9,"href":"https:\/\/www.sklep.mlynbocianek.pl\/index.php\/wp-json\/wp\/v2\/pages\/73\/revisions"}],"predecessor-version":[{"id":475,"href":"https:\/\/www.sklep.mlynbocianek.pl\/index.php\/wp-json\/wp\/v2\/pages\/73\/revisions\/475"}],"wp:attachment":[{"href":"https:\/\/www.sklep.mlynbocianek.pl\/index.php\/wp-json\/wp\/v2\/media?parent=73"}],"curies":[{"name":"wp","href":"https:\/\/api.w.org\/{rel}","templated":true}]}}